{"id":1412,"date":"2022-03-02T09:19:21","date_gmt":"2022-03-02T08:19:21","guid":{"rendered":"https:\/\/centropsicopedagogicoemanuel.com\/index.php\/home\/"},"modified":"2025-10-02T05:09:53","modified_gmt":"2025-10-02T03:09:53","slug":"home","status":"publish","type":"page","link":"https:\/\/centropsicopedagogicoemanuel.com\/","title":{"rendered":"INICIO"},"content":{"rendered":"\t\t<div data-elementor-type=\"wp-page\" data-elementor-id=\"1412\" class=\"elementor elementor-1412\">\n\t\t\t\t\t\t<section class=\"elementor-section elementor-top-section elementor-element elementor-element-31b3d8c elementor-section-height-full elementor-section-items-top elementor-section-content-top elementor-section-boxed elementor-section-height-default\" data-id=\"31b3d8c\" data-element_type=\"section\" data-settings=\"{&quot;background_background&quot;:&quot;classic&quot;}\">\n\t\t\t\t\t\t<div class=\"elementor-container elementor-column-gap-no\">\n\t\t\t\t\t<div class=\"elementor-column elementor-col-100 elementor-top-column elementor-element elementor-element-8bf14d1\" data-id=\"8bf14d1\" data-element_type=\"column\">\n\t\t\t<div class=\"elementor-widget-wrap elementor-element-populated\">\n\t\t\t\t\t\t<div class=\"elementor-element elementor-element-409824e elementor-widget elementor-widget-image\" data-id=\"409824e\" data-element_type=\"widget\" data-widget_type=\"image.default\">\n\t\t\t\t<div class=\"elementor-widget-container\">\n\t\t\t\t\t\t\t\t\t\t\t\t\t\t\t<img fetchpriority=\"high\" decoding=\"async\" width=\"1920\" height=\"1080\" src=\"https:\/\/centropsicopedagogicoemanuel.com\/wp-content\/uploads\/2025\/07\/Portada-Matriculas-2026-4.png\" class=\"attachment-full size-full wp-image-3116\" alt=\"\" srcset=\"https:\/\/centropsicopedagogicoemanuel.com\/wp-content\/uploads\/2025\/07\/Portada-Matriculas-2026-4.png 1920w, https:\/\/centropsicopedagogicoemanuel.com\/wp-content\/uploads\/2025\/07\/Portada-Matriculas-2026-4-300x169.png 300w, https:\/\/centropsicopedagogicoemanuel.com\/wp-content\/uploads\/2025\/07\/Portada-Matriculas-2026-4-1024x576.png 1024w, https:\/\/centropsicopedagogicoemanuel.com\/wp-content\/uploads\/2025\/07\/Portada-Matriculas-2026-4-768x432.png 768w, https:\/\/centropsicopedagogicoemanuel.com\/wp-content\/uploads\/2025\/07\/Portada-Matriculas-2026-4-1536x864.png 1536w\" sizes=\"(max-width: 1920px) 100vw, 1920px\" \/>\t\t\t\t\t\t\t\t\t\t\t\t\t\t\t<\/div>\n\t\t\t\t<\/div>\n\t\t\t\t<div class=\"elementor-element elementor-element-fa1bae9 elementor-widget elementor-widget-heading\" data-id=\"fa1bae9\" data-element_type=\"widget\" data-widget_type=\"heading.default\">\n\t\t\t\t<div class=\"elementor-widget-container\">\n\t\t\t\t\t<h3 class=\"elementor-heading-title elementor-size-default\">Conoce a nuestro personal. <br>Expertos en dar a tus hijos el mejor comienzo.<br><\/h3>\t\t\t\t<\/div>\n\t\t\t\t<\/div>\n\t\t\t\t<section class=\"elementor-section elementor-inner-section elementor-element elementor-element-b14a725 elementor-section-boxed elementor-section-height-default elementor-section-height-default\" data-id=\"b14a725\" data-element_type=\"section\">\n\t\t\t\t\t\t<div class=\"elementor-container elementor-column-gap-no\">\n\t\t\t\t\t<div class=\"elementor-column elementor-col-33 elementor-inner-column elementor-element elementor-element-c535799\" data-id=\"c535799\" data-element_type=\"column\">\n\t\t\t<div class=\"elementor-widget-wrap elementor-element-populated\">\n\t\t\t\t\t\t<div class=\"elementor-element elementor-element-dc6b41c elementor-position-top elementor-widget elementor-widget-image-box\" data-id=\"dc6b41c\" data-element_type=\"widget\" data-widget_type=\"image-box.default\">\n\t\t\t\t<div class=\"elementor-widget-container\">\n\t\t\t\t\t<div class=\"elementor-image-box-wrapper\"><figure class=\"elementor-image-box-img\"><img decoding=\"async\" width=\"1066\" height=\"1600\" src=\"https:\/\/centropsicopedagogicoemanuel.com\/wp-content\/uploads\/2023\/11\/Docente1.jpg\" class=\"attachment-full size-full wp-image-1637\" alt=\"\" srcset=\"https:\/\/centropsicopedagogicoemanuel.com\/wp-content\/uploads\/2023\/11\/Docente1.jpg 1066w, https:\/\/centropsicopedagogicoemanuel.com\/wp-content\/uploads\/2023\/11\/Docente1-200x300.jpg 200w, https:\/\/centropsicopedagogicoemanuel.com\/wp-content\/uploads\/2023\/11\/Docente1-682x1024.jpg 682w, https:\/\/centropsicopedagogicoemanuel.com\/wp-content\/uploads\/2023\/11\/Docente1-768x1153.jpg 768w, https:\/\/centropsicopedagogicoemanuel.com\/wp-content\/uploads\/2023\/11\/Docente1-1023x1536.jpg 1023w\" sizes=\"(max-width: 1066px) 100vw, 1066px\" \/><\/figure><div class=\"elementor-image-box-content\"><div class=\"elementor-image-box-title\">MSc. Naika Obando<\/div><p class=\"elementor-image-box-description\">DIRECTORA<br>Pedagoga con menci\u00f3n en Administraci\u00f3n Educativa.<br>M\u00e1ster en Atenci\u00f3n a las Necesidades Educativas del Desarrollo-UNIR MEXICO.<\/p><\/div><\/div>\t\t\t\t<\/div>\n\t\t\t\t<\/div>\n\t\t\t\t<div class=\"elementor-element elementor-element-8ac4f82 elementor-position-top elementor-widget elementor-widget-image-box\" data-id=\"8ac4f82\" data-element_type=\"widget\" data-widget_type=\"image-box.default\">\n\t\t\t\t<div class=\"elementor-widget-container\">\n\t\t\t\t\t<div class=\"elementor-image-box-wrapper\"><figure class=\"elementor-image-box-img\"><img decoding=\"async\" width=\"1000\" height=\"1500\" src=\"https:\/\/centropsicopedagogicoemanuel.com\/wp-content\/uploads\/2024\/02\/Diseno-sin-titulo-14.png\" class=\"attachment-full size-full wp-image-2127\" alt=\"\" srcset=\"https:\/\/centropsicopedagogicoemanuel.com\/wp-content\/uploads\/2024\/02\/Diseno-sin-titulo-14.png 1000w, https:\/\/centropsicopedagogicoemanuel.com\/wp-content\/uploads\/2024\/02\/Diseno-sin-titulo-14-200x300.png 200w, https:\/\/centropsicopedagogicoemanuel.com\/wp-content\/uploads\/2024\/02\/Diseno-sin-titulo-14-683x1024.png 683w, https:\/\/centropsicopedagogicoemanuel.com\/wp-content\/uploads\/2024\/02\/Diseno-sin-titulo-14-768x1152.png 768w\" sizes=\"(max-width: 1000px) 100vw, 1000px\" \/><\/figure><div class=\"elementor-image-box-content\"><div class=\"elementor-image-box-title\">Yajari Mart\u00ednez<\/div><p class=\"elementor-image-box-description\">COORDINADORA DEL PROGRAMA DE ESTIMULACI\u00d3N TEMPRANA.\n<br>Docente con 5 a\u00f1os de experiencia en docencia.\n<br>Certificaci\u00f3n Maestra Sombra<br>Curso modificaci\u00f3n conductual.<\/p><\/div><\/div>\t\t\t\t<\/div>\n\t\t\t\t<\/div>\n\t\t\t\t\t<\/div>\n\t\t<\/div>\n\t\t\t\t<div class=\"elementor-column elementor-col-33 elementor-inner-column elementor-element elementor-element-70e41af\" data-id=\"70e41af\" data-element_type=\"column\">\n\t\t\t<div class=\"elementor-widget-wrap elementor-element-populated\">\n\t\t\t\t\t\t<div class=\"elementor-element elementor-element-603e6a5 elementor-position-top elementor-widget elementor-widget-image-box\" data-id=\"603e6a5\" data-element_type=\"widget\" data-widget_type=\"image-box.default\">\n\t\t\t\t<div class=\"elementor-widget-container\">\n\t\t\t\t\t<div class=\"elementor-image-box-wrapper\"><figure class=\"elementor-image-box-img\"><img loading=\"lazy\" decoding=\"async\" width=\"1000\" height=\"1500\" src=\"https:\/\/centropsicopedagogicoemanuel.com\/wp-content\/uploads\/2024\/02\/Diseno-sin-titulo-8.png\" class=\"attachment-full size-full wp-image-2065\" alt=\"\" srcset=\"https:\/\/centropsicopedagogicoemanuel.com\/wp-content\/uploads\/2024\/02\/Diseno-sin-titulo-8.png 1000w, https:\/\/centropsicopedagogicoemanuel.com\/wp-content\/uploads\/2024\/02\/Diseno-sin-titulo-8-200x300.png 200w, https:\/\/centropsicopedagogicoemanuel.com\/wp-content\/uploads\/2024\/02\/Diseno-sin-titulo-8-683x1024.png 683w, https:\/\/centropsicopedagogicoemanuel.com\/wp-content\/uploads\/2024\/02\/Diseno-sin-titulo-8-768x1152.png 768w\" sizes=\"(max-width: 1000px) 100vw, 1000px\" \/><\/figure><div class=\"elementor-image-box-content\"><div class=\"elementor-image-box-title\">Sugey Arag\u00f3n<\/div><p class=\"elementor-image-box-description\">                                                                                         \nCOORDINADORA DE PRESCOLAR <br> Docente con 18 a\u00f1os de experiencia en docencia.<br>Especialista en Estimulaci\u00f3n Temprana (Escuela Magisterial de Altos Estudios del Per\u00fa).<br>Certificaci\u00f3n Maestra Sombra <\/p><\/div><\/div>\t\t\t\t<\/div>\n\t\t\t\t<\/div>\n\t\t\t\t<div class=\"elementor-element elementor-element-47f9b5d elementor-position-top elementor-widget elementor-widget-image-box\" data-id=\"47f9b5d\" data-element_type=\"widget\" data-widget_type=\"image-box.default\">\n\t\t\t\t<div class=\"elementor-widget-container\">\n\t\t\t\t\t<div class=\"elementor-image-box-wrapper\"><figure class=\"elementor-image-box-img\"><img loading=\"lazy\" decoding=\"async\" width=\"1000\" height=\"1500\" src=\"https:\/\/centropsicopedagogicoemanuel.com\/wp-content\/uploads\/2024\/02\/Diseno-sin-titulo-17.png\" class=\"attachment-full size-full wp-image-2180\" alt=\"\" srcset=\"https:\/\/centropsicopedagogicoemanuel.com\/wp-content\/uploads\/2024\/02\/Diseno-sin-titulo-17.png 1000w, https:\/\/centropsicopedagogicoemanuel.com\/wp-content\/uploads\/2024\/02\/Diseno-sin-titulo-17-200x300.png 200w, https:\/\/centropsicopedagogicoemanuel.com\/wp-content\/uploads\/2024\/02\/Diseno-sin-titulo-17-683x1024.png 683w, https:\/\/centropsicopedagogicoemanuel.com\/wp-content\/uploads\/2024\/02\/Diseno-sin-titulo-17-768x1152.png 768w\" sizes=\"(max-width: 1000px) 100vw, 1000px\" \/><\/figure><div class=\"elementor-image-box-content\"><div class=\"elementor-image-box-title\">Mireya Guti\u00e9rrez<\/div><p class=\"elementor-image-box-description\">Asistente Pedagoga<br> Especializaci\u00f3n en Docente Sombra con 6 a\u00f1os de experiencia.<br>Experiencia en Estimulaci\u00f3n Temprana<\/p><\/div><\/div>\t\t\t\t<\/div>\n\t\t\t\t<\/div>\n\t\t\t\t\t<\/div>\n\t\t<\/div>\n\t\t\t\t<div class=\"elementor-column elementor-col-33 elementor-inner-column elementor-element elementor-element-cbbae06\" data-id=\"cbbae06\" data-element_type=\"column\">\n\t\t\t<div class=\"elementor-widget-wrap elementor-element-populated\">\n\t\t\t\t\t\t<div class=\"elementor-element elementor-element-e7fe292 elementor-position-top elementor-widget elementor-widget-image-box\" data-id=\"e7fe292\" data-element_type=\"widget\" data-widget_type=\"image-box.default\">\n\t\t\t\t<div class=\"elementor-widget-container\">\n\t\t\t\t\t<div class=\"elementor-image-box-wrapper\"><figure class=\"elementor-image-box-img\"><img loading=\"lazy\" decoding=\"async\" width=\"1000\" height=\"1500\" src=\"https:\/\/centropsicopedagogicoemanuel.com\/wp-content\/uploads\/2024\/02\/Diseno-sin-titulo-15.png\" class=\"attachment-full size-full wp-image-2131\" alt=\"\" srcset=\"https:\/\/centropsicopedagogicoemanuel.com\/wp-content\/uploads\/2024\/02\/Diseno-sin-titulo-15.png 1000w, https:\/\/centropsicopedagogicoemanuel.com\/wp-content\/uploads\/2024\/02\/Diseno-sin-titulo-15-200x300.png 200w, https:\/\/centropsicopedagogicoemanuel.com\/wp-content\/uploads\/2024\/02\/Diseno-sin-titulo-15-683x1024.png 683w, https:\/\/centropsicopedagogicoemanuel.com\/wp-content\/uploads\/2024\/02\/Diseno-sin-titulo-15-768x1152.png 768w\" sizes=\"(max-width: 1000px) 100vw, 1000px\" \/><\/figure><div class=\"elementor-image-box-content\"><div class=\"elementor-image-box-title\">Loyda Lara<\/div><p class=\"elementor-image-box-description\">COORDINADORA DE PRIMARIA                                                                      <br>Docente con 20 a\u00f1os de experiencia en docencia.<br>Certificaci\u00f3n en Estrategias de Intervenci\u00f3n en Problemas de Aprendizaje (Asociaci\u00f3n mexicana de pedagog\u00eda y educaci\u00f3n).<\/p><\/div><\/div>\t\t\t\t<\/div>\n\t\t\t\t<\/div>\n\t\t\t\t<div class=\"elementor-element elementor-element-3e9da1e elementor-position-top elementor-widget elementor-widget-image-box\" data-id=\"3e9da1e\" data-element_type=\"widget\" data-widget_type=\"image-box.default\">\n\t\t\t\t<div class=\"elementor-widget-container\">\n\t\t\t\t\t<div class=\"elementor-image-box-wrapper\"><figure class=\"elementor-image-box-img\"><img loading=\"lazy\" decoding=\"async\" width=\"1000\" height=\"1500\" src=\"https:\/\/centropsicopedagogicoemanuel.com\/wp-content\/uploads\/2024\/02\/Diseno-sin-titulo-19.png\" class=\"attachment-full size-full wp-image-2165\" alt=\"\" srcset=\"https:\/\/centropsicopedagogicoemanuel.com\/wp-content\/uploads\/2024\/02\/Diseno-sin-titulo-19.png 1000w, https:\/\/centropsicopedagogicoemanuel.com\/wp-content\/uploads\/2024\/02\/Diseno-sin-titulo-19-200x300.png 200w, https:\/\/centropsicopedagogicoemanuel.com\/wp-content\/uploads\/2024\/02\/Diseno-sin-titulo-19-683x1024.png 683w, https:\/\/centropsicopedagogicoemanuel.com\/wp-content\/uploads\/2024\/02\/Diseno-sin-titulo-19-768x1152.png 768w\" sizes=\"(max-width: 1000px) 100vw, 1000px\" \/><\/figure><div class=\"elementor-image-box-content\"><div class=\"elementor-image-box-title\">Jos\u00e9 Alfonso Flores<\/div><p class=\"elementor-image-box-description\">\n<br>Maestro Sombra  <br>Estudiante de Psicolog\u00eda<\/p><\/div><\/div>\t\t\t\t<\/div>\n\t\t\t\t<\/div>\n\t\t\t\t\t<\/div>\n\t\t<\/div>\n\t\t\t\t\t<\/div>\n\t\t<\/section>\n\t\t\t\t<section class=\"elementor-section elementor-inner-section elementor-element elementor-element-6e85edb elementor-section-boxed elementor-section-height-default elementor-section-height-default\" data-id=\"6e85edb\" data-element_type=\"section\">\n\t\t\t\t\t\t<div class=\"elementor-container elementor-column-gap-no\">\n\t\t\t\t\t<div class=\"elementor-column elementor-col-33 elementor-inner-column elementor-element elementor-element-a0fab27\" data-id=\"a0fab27\" data-element_type=\"column\">\n\t\t\t<div class=\"elementor-widget-wrap elementor-element-populated\">\n\t\t\t\t\t\t<div class=\"elementor-element elementor-element-1dc9190 elementor-position-top elementor-widget elementor-widget-image-box\" data-id=\"1dc9190\" data-element_type=\"widget\" data-widget_type=\"image-box.default\">\n\t\t\t\t<div class=\"elementor-widget-container\">\n\t\t\t\t\t<div class=\"elementor-image-box-wrapper\"><figure class=\"elementor-image-box-img\"><img loading=\"lazy\" decoding=\"async\" width=\"1000\" height=\"1500\" src=\"https:\/\/centropsicopedagogicoemanuel.com\/wp-content\/uploads\/2024\/02\/Diseno-sin-titulo-26.png\" class=\"attachment-full size-full wp-image-2329\" alt=\"\" srcset=\"https:\/\/centropsicopedagogicoemanuel.com\/wp-content\/uploads\/2024\/02\/Diseno-sin-titulo-26.png 1000w, https:\/\/centropsicopedagogicoemanuel.com\/wp-content\/uploads\/2024\/02\/Diseno-sin-titulo-26-200x300.png 200w, https:\/\/centropsicopedagogicoemanuel.com\/wp-content\/uploads\/2024\/02\/Diseno-sin-titulo-26-683x1024.png 683w, https:\/\/centropsicopedagogicoemanuel.com\/wp-content\/uploads\/2024\/02\/Diseno-sin-titulo-26-768x1152.png 768w\" sizes=\"(max-width: 1000px) 100vw, 1000px\" \/><\/figure><div class=\"elementor-image-box-content\"><div class=\"elementor-image-box-title\">Jacqueline Ponza<\/div><p class=\"elementor-image-box-description\">Docente de  Preescolar, <br>Experiencia con manejo de ni\u00f1os<\/p><\/div><\/div>\t\t\t\t<\/div>\n\t\t\t\t<\/div>\n\t\t\t\t\t<\/div>\n\t\t<\/div>\n\t\t\t\t<div class=\"elementor-column elementor-col-33 elementor-inner-column elementor-element elementor-element-ffbef6c\" data-id=\"ffbef6c\" data-element_type=\"column\">\n\t\t\t<div class=\"elementor-widget-wrap elementor-element-populated\">\n\t\t\t\t\t\t<div class=\"elementor-element elementor-element-26400af elementor-position-top elementor-widget elementor-widget-image-box\" data-id=\"26400af\" data-element_type=\"widget\" data-widget_type=\"image-box.default\">\n\t\t\t\t<div class=\"elementor-widget-container\">\n\t\t\t\t\t<div class=\"elementor-image-box-wrapper\"><figure class=\"elementor-image-box-img\"><img loading=\"lazy\" decoding=\"async\" width=\"1000\" height=\"1500\" src=\"https:\/\/centropsicopedagogicoemanuel.com\/wp-content\/uploads\/2024\/02\/Diseno-sin-titulo-18.png\" class=\"attachment-full size-full wp-image-2166\" alt=\"\" srcset=\"https:\/\/centropsicopedagogicoemanuel.com\/wp-content\/uploads\/2024\/02\/Diseno-sin-titulo-18.png 1000w, https:\/\/centropsicopedagogicoemanuel.com\/wp-content\/uploads\/2024\/02\/Diseno-sin-titulo-18-200x300.png 200w, https:\/\/centropsicopedagogicoemanuel.com\/wp-content\/uploads\/2024\/02\/Diseno-sin-titulo-18-683x1024.png 683w, https:\/\/centropsicopedagogicoemanuel.com\/wp-content\/uploads\/2024\/02\/Diseno-sin-titulo-18-768x1152.png 768w\" sizes=\"(max-width: 1000px) 100vw, 1000px\" \/><\/figure><div class=\"elementor-image-box-content\"><div class=\"elementor-image-box-title\">Lissa Ponce<\/div><p class=\"elementor-image-box-description\">Asistente Pedag\u00f3gica con experiencia en trabajo con ni\u00f1os en educaci\u00f3n especial.\n<br>Estudiante de Psicolog\u00eda<\/p><\/div><\/div>\t\t\t\t<\/div>\n\t\t\t\t<\/div>\n\t\t\t\t\t<\/div>\n\t\t<\/div>\n\t\t\t\t<div class=\"elementor-column elementor-col-33 elementor-inner-column elementor-element elementor-element-3098abd\" data-id=\"3098abd\" data-element_type=\"column\">\n\t\t\t<div class=\"elementor-widget-wrap elementor-element-populated\">\n\t\t\t\t\t\t<div class=\"elementor-element elementor-element-ff22efd elementor-position-top elementor-widget elementor-widget-image-box\" data-id=\"ff22efd\" data-element_type=\"widget\" data-widget_type=\"image-box.default\">\n\t\t\t\t<div class=\"elementor-widget-container\">\n\t\t\t\t\t<div class=\"elementor-image-box-wrapper\"><figure class=\"elementor-image-box-img\"><img loading=\"lazy\" decoding=\"async\" width=\"1000\" height=\"1500\" src=\"https:\/\/centropsicopedagogicoemanuel.com\/wp-content\/uploads\/2024\/02\/Diseno-sin-titulo-20.png\" class=\"attachment-full size-full wp-image-2167\" alt=\"\" srcset=\"https:\/\/centropsicopedagogicoemanuel.com\/wp-content\/uploads\/2024\/02\/Diseno-sin-titulo-20.png 1000w, https:\/\/centropsicopedagogicoemanuel.com\/wp-content\/uploads\/2024\/02\/Diseno-sin-titulo-20-200x300.png 200w, https:\/\/centropsicopedagogicoemanuel.com\/wp-content\/uploads\/2024\/02\/Diseno-sin-titulo-20-683x1024.png 683w, https:\/\/centropsicopedagogicoemanuel.com\/wp-content\/uploads\/2024\/02\/Diseno-sin-titulo-20-768x1152.png 768w\" sizes=\"(max-width: 1000px) 100vw, 1000px\" \/><\/figure><div class=\"elementor-image-box-content\"><div class=\"elementor-image-box-title\">Sadys Berm\u00fadez<\/div><p class=\"elementor-image-box-description\">Asistente Pedag\u00f3gica\ncon 5 a\u00f1os de experiencia trabajando con ni\u00f1os.\n\n<\/p><\/div><\/div>\t\t\t\t<\/div>\n\t\t\t\t<\/div>\n\t\t\t\t\t<\/div>\n\t\t<\/div>\n\t\t\t\t\t<\/div>\n\t\t<\/section>\n\t\t\t\t<div class=\"elementor-element elementor-element-e89acca elementor-widget elementor-widget-spacer\" data-id=\"e89acca\" data-element_type=\"widget\" data-widget_type=\"spacer.default\">\n\t\t\t\t<div class=\"elementor-widget-container\">\n\t\t\t\t\t\t\t<div class=\"elementor-spacer\">\n\t\t\t<div class=\"elementor-spacer-inner\"><\/div>\n\t\t<\/div>\n\t\t\t\t\t\t<\/div>\n\t\t\t\t<\/div>\n\t\t\t\t<section class=\"elementor-section elementor-inner-section elementor-element elementor-element-acae915 elementor-section-boxed elementor-section-height-default elementor-section-height-default\" data-id=\"acae915\" data-element_type=\"section\">\n\t\t\t\t\t\t<div class=\"elementor-container elementor-column-gap-no\">\n\t\t\t\t\t<div class=\"elementor-column elementor-col-33 elementor-inner-column elementor-element elementor-element-1bb059f\" data-id=\"1bb059f\" data-element_type=\"column\">\n\t\t\t<div class=\"elementor-widget-wrap elementor-element-populated\">\n\t\t\t\t\t\t<div class=\"elementor-element elementor-element-2029392 elementor-position-top elementor-widget elementor-widget-image-box\" data-id=\"2029392\" data-element_type=\"widget\" data-widget_type=\"image-box.default\">\n\t\t\t\t<div class=\"elementor-widget-container\">\n\t\t\t\t\t<div class=\"elementor-image-box-wrapper\"><figure class=\"elementor-image-box-img\"><img loading=\"lazy\" decoding=\"async\" width=\"1000\" height=\"1500\" src=\"https:\/\/centropsicopedagogicoemanuel.com\/wp-content\/uploads\/2024\/02\/Diseno-sin-titulo-28.png\" class=\"attachment-full size-full wp-image-2452\" alt=\"\" srcset=\"https:\/\/centropsicopedagogicoemanuel.com\/wp-content\/uploads\/2024\/02\/Diseno-sin-titulo-28.png 1000w, https:\/\/centropsicopedagogicoemanuel.com\/wp-content\/uploads\/2024\/02\/Diseno-sin-titulo-28-200x300.png 200w, https:\/\/centropsicopedagogicoemanuel.com\/wp-content\/uploads\/2024\/02\/Diseno-sin-titulo-28-683x1024.png 683w, https:\/\/centropsicopedagogicoemanuel.com\/wp-content\/uploads\/2024\/02\/Diseno-sin-titulo-28-768x1152.png 768w\" sizes=\"(max-width: 1000px) 100vw, 1000px\" \/><\/figure><div class=\"elementor-image-box-content\"><div class=\"elementor-image-box-title\">Eli\u00fa \u00c1lvarez<\/div><p class=\"elementor-image-box-description\">Conductor de recorrido escolar.\n<br>10 a\u00f1os de experiencia como conductor.<\/p><\/div><\/div>\t\t\t\t<\/div>\n\t\t\t\t<\/div>\n\t\t\t\t\t<\/div>\n\t\t<\/div>\n\t\t\t\t<div class=\"elementor-column elementor-col-33 elementor-inner-column elementor-element elementor-element-6349be8\" data-id=\"6349be8\" data-element_type=\"column\">\n\t\t\t<div class=\"elementor-widget-wrap elementor-element-populated\">\n\t\t\t\t\t\t<div class=\"elementor-element elementor-element-4927285 elementor-position-top elementor-widget elementor-widget-image-box\" data-id=\"4927285\" data-element_type=\"widget\" data-widget_type=\"image-box.default\">\n\t\t\t\t<div class=\"elementor-widget-container\">\n\t\t\t\t\t<div class=\"elementor-image-box-wrapper\"><figure class=\"elementor-image-box-img\"><img loading=\"lazy\" decoding=\"async\" width=\"1000\" height=\"1500\" src=\"https:\/\/centropsicopedagogicoemanuel.com\/wp-content\/uploads\/2024\/02\/Diseno-sin-titulo-29.png\" class=\"attachment-full size-full wp-image-2453\" alt=\"\" srcset=\"https:\/\/centropsicopedagogicoemanuel.com\/wp-content\/uploads\/2024\/02\/Diseno-sin-titulo-29.png 1000w, https:\/\/centropsicopedagogicoemanuel.com\/wp-content\/uploads\/2024\/02\/Diseno-sin-titulo-29-200x300.png 200w, https:\/\/centropsicopedagogicoemanuel.com\/wp-content\/uploads\/2024\/02\/Diseno-sin-titulo-29-683x1024.png 683w, https:\/\/centropsicopedagogicoemanuel.com\/wp-content\/uploads\/2024\/02\/Diseno-sin-titulo-29-768x1152.png 768w\" sizes=\"(max-width: 1000px) 100vw, 1000px\" \/><\/figure><div class=\"elementor-image-box-content\"><div class=\"elementor-image-box-title\">Orlando Chavarr\u00eda<\/div><p class=\"elementor-image-box-description\">Responsable de transporte\n<br>5 a\u00f1os de experiencia como conductor<br>Capacitaci\u00f3n de manejo de conducta<\/p><\/div><\/div>\t\t\t\t<\/div>\n\t\t\t\t<\/div>\n\t\t\t\t\t<\/div>\n\t\t<\/div>\n\t\t\t\t<div class=\"elementor-column elementor-col-33 elementor-inner-column elementor-element elementor-element-df422be\" data-id=\"df422be\" data-element_type=\"column\">\n\t\t\t<div class=\"elementor-widget-wrap elementor-element-populated\">\n\t\t\t\t\t\t<div class=\"elementor-element elementor-element-74a426b elementor-position-top elementor-widget elementor-widget-image-box\" data-id=\"74a426b\" data-element_type=\"widget\" data-widget_type=\"image-box.default\">\n\t\t\t\t<div class=\"elementor-widget-container\">\n\t\t\t\t\t<div class=\"elementor-image-box-wrapper\"><figure class=\"elementor-image-box-img\"><img loading=\"lazy\" decoding=\"async\" width=\"1000\" height=\"1500\" src=\"https:\/\/centropsicopedagogicoemanuel.com\/wp-content\/uploads\/2024\/02\/Diseno-sin-titulo-22.png\" class=\"attachment-full size-full wp-image-2221\" alt=\"\" srcset=\"https:\/\/centropsicopedagogicoemanuel.com\/wp-content\/uploads\/2024\/02\/Diseno-sin-titulo-22.png 1000w, https:\/\/centropsicopedagogicoemanuel.com\/wp-content\/uploads\/2024\/02\/Diseno-sin-titulo-22-200x300.png 200w, https:\/\/centropsicopedagogicoemanuel.com\/wp-content\/uploads\/2024\/02\/Diseno-sin-titulo-22-683x1024.png 683w, https:\/\/centropsicopedagogicoemanuel.com\/wp-content\/uploads\/2024\/02\/Diseno-sin-titulo-22-768x1152.png 768w\" sizes=\"(max-width: 1000px) 100vw, 1000px\" \/><\/figure><div class=\"elementor-image-box-content\"><div class=\"elementor-image-box-title\">Rosa Rosales y Sadys Berm\u00fadez<\/div><p class=\"elementor-image-box-description\">Asistentes de recorrido, <br>Experiencia con manejo de ni\u00f1os<\/p><\/div><\/div>\t\t\t\t<\/div>\n\t\t\t\t<\/div>\n\t\t\t\t\t<\/div>\n\t\t<\/div>\n\t\t\t\t\t<\/div>\n\t\t<\/section>\n\t\t\t\t\t<\/div>\n\t\t<\/div>\n\t\t\t\t\t<\/div>\n\t\t<\/section>\n\t\t\t\t<\/div>\n\t\t","protected":false},"excerpt":{"rendered":"<p>Conoce a nuestro personal. Expertos en dar a tus hijos el mejor comienzo. MSc. Naika Obando DIRECTORAPedagoga con menci\u00f3n en Administraci\u00f3n Educativa.M\u00e1ster en Atenci\u00f3n a las Necesidades Educativas del Desarrollo-UNIR MEXICO. Yajari Mart\u00ednez COORDINADORA DEL PROGRAMA DE ESTIMULACI\u00d3N TEMPRANA. Docente con 5 a\u00f1os de experiencia en docencia. Certificaci\u00f3n Maestra SombraCurso modificaci\u00f3n conductual. Sugey Arag\u00f3n COORDINADORA &hellip;<\/p>\n<p class=\"read-more\"> <a class=\"\" href=\"https:\/\/centropsicopedagogicoemanuel.com\/\"> <span class=\"screen-reader-text\">INICIO<\/span> Read More &raquo;<\/a><\/p>\n","protected":false},"author":2,"featured_media":0,"parent":0,"menu_order":0,"comment_status":"closed","ping_status":"closed","template":"","meta":{"site-sidebar-layout":"no-sidebar","site-content-layout":"page-builder","ast-site-content-layout":"full-width-container","site-content-style":"unboxed","site-sidebar-style":"boxed","ast-global-header-display":"","ast-banner-title-visibility":"","ast-main-header-display":"","ast-hfb-above-header-display":"","ast-hfb-below-header-display":"","ast-hfb-mobile-header-display":"","site-post-title":"disabled","ast-breadcrumbs-content":"","ast-featured-img":"disabled","footer-sml-layout":"","theme-transparent-header-meta":"enabled","adv-header-id-meta":"","stick-header-meta":"","header-above-stick-meta":"","header-main-stick-meta":"","header-below-stick-meta":"","astra-migrate-meta-layouts":"set","footnotes":""},"_links":{"self":[{"href":"https:\/\/centropsicopedagogicoemanuel.com\/index.php\/wp-json\/wp\/v2\/pages\/1412"}],"collection":[{"href":"https:\/\/centropsicopedagogicoemanuel.com\/index.php\/wp-json\/wp\/v2\/pages"}],"about":[{"href":"https:\/\/centropsicopedagogicoemanuel.com\/index.php\/wp-json\/wp\/v2\/types\/page"}],"author":[{"embeddable":true,"href":"https:\/\/centropsicopedagogicoemanuel.com\/index.php\/wp-json\/wp\/v2\/users\/2"}],"replies":[{"embeddable":true,"href":"https:\/\/centropsicopedagogicoemanuel.com\/index.php\/wp-json\/wp\/v2\/comments?post=1412"}],"version-history":[{"count":731,"href":"https:\/\/centropsicopedagogicoemanuel.com\/index.php\/wp-json\/wp\/v2\/pages\/1412\/revisions"}],"predecessor-version":[{"id":3201,"href":"https:\/\/centropsicopedagogicoemanuel.com\/index.php\/wp-json\/wp\/v2\/pages\/1412\/revisions\/3201"}],"wp:attachment":[{"href":"https:\/\/centropsicopedagogicoemanuel.com\/index.php\/wp-json\/wp\/v2\/media?parent=1412"}],"curies":[{"name":"wp","href":"https:\/\/api.w.org\/{rel}","templated":true}]}}