{"id":1059,"date":"2022-03-05T02:16:38","date_gmt":"2022-03-05T02:16:38","guid":{"rendered":"https:\/\/centropsicopedagogicoemanuel.com\/index.php\/contact\/"},"modified":"2024-04-21T05:23:14","modified_gmt":"2024-04-21T03:23:14","slug":"contact","status":"publish","type":"page","link":"https:\/\/centropsicopedagogicoemanuel.com\/index.php\/contact\/","title":{"rendered":"Contact"},"content":{"rendered":"\t\t<div data-elementor-type=\"wp-page\" data-elementor-id=\"1059\" class=\"elementor elementor-1059\">\n\t\t\t\t\t\t<section class=\"elementor-section elementor-top-section elementor-element elementor-element-8bc0f69 elementor-section-boxed elementor-section-height-default elementor-section-height-default\" data-id=\"8bc0f69\" data-element_type=\"section\" data-settings=\"{&quot;background_background&quot;:&quot;classic&quot;}\">\n\t\t\t\t\t\t<div class=\"elementor-container elementor-column-gap-no\">\n\t\t\t\t\t<div class=\"elementor-column elementor-col-100 elementor-top-column elementor-element elementor-element-ee27f2f\" data-id=\"ee27f2f\" data-element_type=\"column\">\n\t\t\t<div class=\"elementor-widget-wrap\">\n\t\t\t\t\t\t\t<\/div>\n\t\t<\/div>\n\t\t\t\t\t<\/div>\n\t\t<\/section>\n\t\t<div class=\"elementor-element elementor-element-1658c13 e-flex e-con-boxed e-con e-parent\" data-id=\"1658c13\" data-element_type=\"container\">\n\t\t\t\t\t<div class=\"e-con-inner\">\n\t\t\t\t<div class=\"elementor-element elementor-element-9f8aa6e elementor-widget elementor-widget-text-editor\" data-id=\"9f8aa6e\" data-element_type=\"widget\" data-widget_type=\"text-editor.default\">\n\t\t\t\t<div class=\"elementor-widget-container\">\n\t\t\t\t\t\t\t\t\t<p>Para m\u00e1s informaci\u00f3n puede contactarnos a trav\u00e9s de los siguientes correos electr\u00f3nicos:<\/p><p><a href=\"mailto:direccion@centropsicopedagogicoemanuel.com\">direccion@centropsicopedagogicoemanuel.com<\/a><\/p><p>\u00a0administraci\u00f3n@centropsicopedagogicoemanuel.com<\/p><p>finanzas@centropsicopedagogicoemanuel.com<\/p>\t\t\t\t\t\t\t\t<\/div>\n\t\t\t\t<\/div>\n\t\t\t\t\t<\/div>\n\t\t\t\t<\/div>\n\t\t\t\t<\/div>\n\t\t","protected":false},"excerpt":{"rendered":"<p>Para m\u00e1s informaci\u00f3n puede contactarnos a trav\u00e9s de los siguientes correos electr\u00f3nicos: direccion@centropsicopedagogicoemanuel.com \u00a0administraci\u00f3n@centropsicopedagogicoemanuel.com finanzas@centropsicopedagogicoemanuel.com<\/p>\n","protected":false},"author":1,"featured_media":0,"parent":0,"menu_order":0,"comment_status":"closed","ping_status":"closed","template":"","meta":{"site-sidebar-layout":"no-sidebar","site-content-layout":"page-builder","ast-site-content-layout":"","site-content-style":"default","site-sidebar-style":"default","ast-global-header-display":"","ast-banner-title-visibility":"","ast-main-header-display":"","ast-hfb-above-header-display":"","ast-hfb-below-header-display":"","ast-hfb-mobile-header-display":"","site-post-title":"disabled","ast-breadcrumbs-content":"","ast-featured-img":"disabled","footer-sml-layout":"","theme-transparent-header-meta":"enabled","adv-header-id-meta":"","stick-header-meta":"","header-above-stick-meta":"","header-main-stick-meta":"","header-below-stick-meta":"","astra-migrate-meta-layouts":"","footnotes":""},"_links":{"self":[{"href":"https:\/\/centropsicopedagogicoemanuel.com\/index.php\/wp-json\/wp\/v2\/pages\/1059"}],"collection":[{"href":"https:\/\/centropsicopedagogicoemanuel.com\/index.php\/wp-json\/wp\/v2\/pages"}],"about":[{"href":"https:\/\/centropsicopedagogicoemanuel.com\/index.php\/wp-json\/wp\/v2\/types\/page"}],"author":[{"embeddable":true,"href":"https:\/\/centropsicopedagogicoemanuel.com\/index.php\/wp-json\/wp\/v2\/users\/1"}],"replies":[{"embeddable":true,"href":"https:\/\/centropsicopedagogicoemanuel.com\/index.php\/wp-json\/wp\/v2\/comments?post=1059"}],"version-history":[{"count":79,"href":"https:\/\/centropsicopedagogicoemanuel.com\/index.php\/wp-json\/wp\/v2\/pages\/1059\/revisions"}],"predecessor-version":[{"id":2965,"href":"https:\/\/centropsicopedagogicoemanuel.com\/index.php\/wp-json\/wp\/v2\/pages\/1059\/revisions\/2965"}],"wp:attachment":[{"href":"https:\/\/centropsicopedagogicoemanuel.com\/index.php\/wp-json\/wp\/v2\/media?parent=1059"}],"curies":[{"name":"wp","href":"https:\/\/api.w.org\/{rel}","templated":true}]}}